{"id":3599,"date":"2026-04-10T14:08:30","date_gmt":"2026-04-10T14:08:30","guid":{"rendered":"https:\/\/portal.foodtastic.ca\/givex\/"},"modified":"2026-04-20T14:34:08","modified_gmt":"2026-04-20T14:34:08","slug":"givex","status":"publish","type":"page","link":"https:\/\/portal.foodtastic.ca\/en\/givex\/","title":{"rendered":"Givex"},"content":{"rendered":"\t\t<div data-elementor-type=\"wp-page\" data-elementor-id=\"3599\" class=\"elementor elementor-3599 elementor-3493\">\n\t\t\t\t\t\t<section class=\"elementor-section elementor-top-section elementor-element elementor-element-63579d1 elementor-section-boxed elementor-section-height-default elementor-section-height-default\" data-id=\"63579d1\" data-element_type=\"section\">\n\t\t\t\t\t\t<div class=\"elementor-container elementor-column-gap-default\">\n\t\t\t\t\t<div class=\"elementor-column elementor-col-33 elementor-top-column elementor-element elementor-element-866b66e\" data-id=\"866b66e\" data-element_type=\"column\" data-settings=\"{&quot;background_background&quot;:&quot;classic&quot;}\">\n\t\t\t<div class=\"elementor-widget-wrap elementor-element-populated\">\n\t\t\t\t\t\t<div class=\"elementor-element elementor-element-d839390 elementor-widget elementor-widget-image\" data-id=\"d839390\" data-element_type=\"widget\" data-widget_type=\"image.default\">\n\t\t\t\t<div class=\"elementor-widget-container\">\n\t\t\t<style>\/*! elementor - v3.21.0 - 26-05-2024 *\/\n.elementor-widget-image{text-align:center}.elementor-widget-image a{display:inline-block}.elementor-widget-image a img[src$=\".svg\"]{width:48px}.elementor-widget-image img{vertical-align:middle;display:inline-block}<\/style>\t\t\t\t\t\t\t\t\t\t\t<a href=\"https:\/\/givex.odoo.com\/client-services-webform\">\n\t\t\t\t\t\t\t<img decoding=\"async\" width=\"300\" height=\"140\" src=\"https:\/\/portal.foodtastic.ca\/wp-content\/uploads\/2025\/08\/givex-e1699387374369-300x140.jpg\" class=\"attachment-medium size-medium wp-image-3231\" alt=\"\" srcset=\"https:\/\/portal.foodtastic.ca\/wp-content\/uploads\/2025\/08\/givex-e1699387374369-300x140.jpg 300w, https:\/\/portal.foodtastic.ca\/wp-content\/uploads\/2025\/08\/givex-e1699387374369.jpg 400w\" sizes=\"(max-width: 300px) 100vw, 300px\" \/>\t\t\t\t\t\t\t\t<\/a>\n\t\t\t\t\t\t\t\t\t\t\t\t\t<\/div>\n\t\t\t\t<\/div>\n\t\t\t\t<div class=\"elementor-element elementor-element-e331e53 elementor-widget elementor-widget-text-editor\" data-id=\"e331e53\" data-element_type=\"widget\" data-widget_type=\"text-editor.default\">\n\t\t\t\t<div class=\"elementor-widget-container\">\n\t\t\t<style>\/*! elementor - v3.21.0 - 26-05-2024 *\/\n.elementor-widget-text-editor.elementor-drop-cap-view-stacked .elementor-drop-cap{background-color:#69727d;color:#fff}.elementor-widget-text-editor.elementor-drop-cap-view-framed .elementor-drop-cap{color:#69727d;border:3px solid;background-color:transparent}.elementor-widget-text-editor:not(.elementor-drop-cap-view-default) .elementor-drop-cap{margin-top:8px}.elementor-widget-text-editor:not(.elementor-drop-cap-view-default) .elementor-drop-cap-letter{width:1em;height:1em}.elementor-widget-text-editor .elementor-drop-cap{float:left;text-align:center;line-height:1;font-size:50px}.elementor-widget-text-editor .elementor-drop-cap-letter{display:inline-block}<\/style>\t\t\t\t<p id=\"tw-target-text\" class=\"tw-data-text tw-text-large tw-ta\" dir=\"ltr\" tabindex=\"-1\" role=\"text\" data-placeholder=\"Translation\" data-ved=\"2ahUKEwjIn8j5vPWTAxXIEjQIHRbnCxkQ3ewLegQIDBAV\" aria-label=\"Translated text: Service d'assistance Givex\"><a href=\"https:\/\/givex.odoo.com\/client-services-webform\"><span class=\"Y2IQFc\" lang=\"fr\">Givex Help Desk<\/span><\/a><\/p><p id=\"tw-target-text\" class=\"tw-data-text tw-text-large tw-ta\" dir=\"ltr\" tabindex=\"-1\" role=\"text\" data-placeholder=\"Translation\" data-ved=\"2ahUKEwjIn8j5vPWTAxXIEjQIHRbnCxkQ3ewLegQIDBAV\" aria-label=\"Translated text: Utilisez ce formulaire pour cr\u00e9er un ticket aupr\u00e8s de Givex pour les probl\u00e8mes li\u00e9s aux syst\u00e8mes de point de vente (notez le num\u00e9ro de ticket).\"><span class=\"Y2IQFc\" lang=\"fr\" tabindex=\"-1\">Use this form to create a ticket with Givex for problems related to point-of-sale systems (note the ticket number).<\/span><\/p>\t\t\t\t\t\t<\/div>\n\t\t\t\t<\/div>\n\t\t\t\t\t<\/div>\n\t\t<\/div>\n\t\t\t\t<div class=\"elementor-column elementor-col-33 elementor-top-column elementor-element elementor-element-6f30c3d\" data-id=\"6f30c3d\" data-element_type=\"column\" data-settings=\"{&quot;background_background&quot;:&quot;classic&quot;}\">\n\t\t\t<div class=\"elementor-widget-wrap elementor-element-populated\">\n\t\t\t\t\t\t<div class=\"elementor-element elementor-element-c5826ff elementor-widget elementor-widget-image\" data-id=\"c5826ff\" data-element_type=\"widget\" data-widget_type=\"image.default\">\n\t\t\t\t<div class=\"elementor-widget-container\">\n\t\t\t\t\t\t\t\t\t\t\t\t\t\t<a href=\"https:\/\/www.jotform.com\/231504561375049\">\n\t\t\t\t\t\t\t<img decoding=\"async\" width=\"300\" height=\"140\" src=\"https:\/\/portal.foodtastic.ca\/wp-content\/uploads\/2025\/08\/givex-e1699387374369-300x140.jpg\" class=\"attachment-medium size-medium wp-image-3231\" alt=\"\" srcset=\"https:\/\/portal.foodtastic.ca\/wp-content\/uploads\/2025\/08\/givex-e1699387374369-300x140.jpg 300w, https:\/\/portal.foodtastic.ca\/wp-content\/uploads\/2025\/08\/givex-e1699387374369.jpg 400w\" sizes=\"(max-width: 300px) 100vw, 300px\" \/>\t\t\t\t\t\t\t\t<\/a>\n\t\t\t\t\t\t\t\t\t\t\t\t\t<\/div>\n\t\t\t\t<\/div>\n\t\t\t\t<div class=\"elementor-element elementor-element-6cad59a elementor-widget elementor-widget-text-editor\" data-id=\"6cad59a\" data-element_type=\"widget\" data-widget_type=\"text-editor.default\">\n\t\t\t\t<div class=\"elementor-widget-container\">\n\t\t\t\t\t\t\t<p id=\"tw-target-text\" class=\"tw-data-text tw-text-large tw-ta\" dir=\"ltr\" tabindex=\"-1\" role=\"text\" data-placeholder=\"Translation\" data-ved=\"2ahUKEwjIn8j5vPWTAxXIEjQIHRbnCxkQ3ewLegQIDBAV\" aria-label=\"Translated text: Formulaire de participation Givex POS\"><a href=\"https:\/\/www.jotform.com\/231504561375049\"><span class=\"Y2IQFc\" lang=\"fr\" tabindex=\"-1\">Givex POS participation form<\/span><\/a><\/p><p id=\"tw-target-text\" class=\"tw-data-text tw-text-large tw-ta\" dir=\"ltr\" tabindex=\"-1\" role=\"text\" data-placeholder=\"Translation\" data-ved=\"2ahUKEwjIn8j5vPWTAxXIEjQIHRbnCxkQ3ewLegQIDBAV\" aria-label=\"Translated text: Pour les nouveaux points de vente et les changements de propri\u00e9taire\"><span class=\"Y2IQFc\" lang=\"fr\" tabindex=\"-1\">For new outlets and changes of ownership<\/span><\/p>\t\t\t\t\t\t<\/div>\n\t\t\t\t<\/div>\n\t\t\t\t\t<\/div>\n\t\t<\/div>\n\t\t\t\t<div class=\"elementor-column elementor-col-33 elementor-top-column elementor-element elementor-element-cd6ac58\" data-id=\"cd6ac58\" data-element_type=\"column\" data-settings=\"{&quot;background_background&quot;:&quot;classic&quot;}\">\n\t\t\t<div class=\"elementor-widget-wrap elementor-element-populated\">\n\t\t\t\t\t\t<div class=\"elementor-element elementor-element-b0f01fc elementor-widget elementor-widget-image\" data-id=\"b0f01fc\" data-element_type=\"widget\" data-widget_type=\"image.default\">\n\t\t\t\t<div class=\"elementor-widget-container\">\n\t\t\t\t\t\t\t\t\t\t\t\t\t\t<a href=\"http:\/\/portal.foodtastic.ca\/giftcards\">\n\t\t\t\t\t\t\t<img decoding=\"async\" width=\"300\" height=\"140\" src=\"https:\/\/portal.foodtastic.ca\/wp-content\/uploads\/2025\/08\/givex-e1699387374369-300x140.jpg\" class=\"attachment-medium size-medium wp-image-3231\" alt=\"\" srcset=\"https:\/\/portal.foodtastic.ca\/wp-content\/uploads\/2025\/08\/givex-e1699387374369-300x140.jpg 300w, https:\/\/portal.foodtastic.ca\/wp-content\/uploads\/2025\/08\/givex-e1699387374369.jpg 400w\" sizes=\"(max-width: 300px) 100vw, 300px\" \/>\t\t\t\t\t\t\t\t<\/a>\n\t\t\t\t\t\t\t\t\t\t\t\t\t<\/div>\n\t\t\t\t<\/div>\n\t\t\t\t<div class=\"elementor-element elementor-element-147f064 elementor-widget elementor-widget-text-editor\" data-id=\"147f064\" data-element_type=\"widget\" data-widget_type=\"text-editor.default\">\n\t\t\t\t<div class=\"elementor-widget-container\">\n\t\t\t\t\t\t\t<p id=\"tw-target-text\" class=\"tw-data-text tw-text-large tw-ta\" dir=\"ltr\" tabindex=\"-1\" role=\"text\" data-placeholder=\"Translation\" data-ved=\"2ahUKEwjIn8j5vPWTAxXIEjQIHRbnCxkQ3ewLegQIDBAV\" aria-label=\"Translated text: Formulaire de participation par carte-cadeau\"><a href=\"https:\/\/form.jotform.com\/230673886015258\"><span class=\"Y2IQFc\" lang=\"fr\" tabindex=\"-1\">Gift card entry form<\/span><\/a><\/p><p id=\"tw-target-text\" class=\"tw-data-text tw-text-large tw-ta\" dir=\"ltr\" tabindex=\"-1\" role=\"text\" data-placeholder=\"Translation\" data-ved=\"2ahUKEwjIn8j5vPWTAxXIEjQIHRbnCxkQ3ewLegQIDBAV\" aria-label=\"Translated text: \u00c0 utiliser uniquement si vous n'utilisez pas le terminal de paiement GIVEX.\"><span class=\"Y2IQFc\" lang=\"fr\" tabindex=\"-1\">Use only if you are not using the GIVEX payment terminal.<\/span><\/p>\t\t\t\t\t\t<\/div>\n\t\t\t\t<\/div>\n\t\t\t\t\t<\/div>\n\t\t<\/div>\n\t\t\t\t\t<\/div>\n\t\t<\/section>\n\t\t\t\t<section class=\"elementor-section elementor-top-section elementor-element elementor-element-fc70294 elementor-section-boxed elementor-section-height-default elementor-section-height-default\" data-id=\"fc70294\" data-element_type=\"section\">\n\t\t\t\t\t\t<div class=\"elementor-container elementor-column-gap-default\">\n\t\t\t\t\t<div class=\"elementor-column elementor-col-100 elementor-top-column elementor-element elementor-element-02e592c\" data-id=\"02e592c\" data-element_type=\"column\" data-settings=\"{&quot;background_background&quot;:&quot;classic&quot;}\">\n\t\t\t<div class=\"elementor-widget-wrap elementor-element-populated\">\n\t\t\t\t\t\t<div class=\"elementor-element elementor-element-09f145c elementor-widget elementor-widget-image\" data-id=\"09f145c\" data-element_type=\"widget\" data-widget_type=\"image.default\">\n\t\t\t\t<div class=\"elementor-widget-container\">\n\t\t\t\t\t\t\t\t\t\t\t\t\t\t<a href=\"https:\/\/gportal.givex.com\/portal\/cs\/news.py?_LANGUAGE_:en+client_id:6084+\">\n\t\t\t\t\t\t\t<img decoding=\"async\" width=\"300\" height=\"140\" src=\"https:\/\/portal.foodtastic.ca\/wp-content\/uploads\/2025\/08\/givex-e1699387374369-300x140.jpg\" class=\"attachment-medium size-medium wp-image-3231\" alt=\"\" srcset=\"https:\/\/portal.foodtastic.ca\/wp-content\/uploads\/2025\/08\/givex-e1699387374369-300x140.jpg 300w, https:\/\/portal.foodtastic.ca\/wp-content\/uploads\/2025\/08\/givex-e1699387374369.jpg 400w\" sizes=\"(max-width: 300px) 100vw, 300px\" \/>\t\t\t\t\t\t\t\t<\/a>\n\t\t\t\t\t\t\t\t\t\t\t\t\t<\/div>\n\t\t\t\t<\/div>\n\t\t\t\t<div class=\"elementor-element elementor-element-68ec24c elementor-widget elementor-widget-text-editor\" data-id=\"68ec24c\" data-element_type=\"widget\" data-widget_type=\"text-editor.default\">\n\t\t\t\t<div class=\"elementor-widget-container\">\n\t\t\t\t\t\t\t<p id=\"tw-target-text\" class=\"tw-data-text tw-text-large tw-ta\" dir=\"ltr\" tabindex=\"-1\" role=\"text\" data-placeholder=\"Translation\" data-ved=\"2ahUKEwjIn8j5vPWTAxXIEjQIHRbnCxkQ3ewLegQIDBAV\" aria-label=\"Translated text: Portail Givex\"><a href=\"https:\/\/gportal.givex.com\/portal\/cs\/news.py?_LANGUAGE_:en+client_id:6084+\"><span class=\"Y2IQFc\" lang=\"fr\" tabindex=\"-1\">Givex portal<\/span><\/a><\/p><p id=\"tw-target-text\" class=\"tw-data-text tw-text-large tw-ta\" dir=\"ltr\" tabindex=\"-1\" role=\"text\" data-placeholder=\"Translation\" data-ved=\"2ahUKEwjIn8j5vPWTAxXIEjQIHRbnCxkQ3ewLegQIDBAV\" aria-label=\"Translated text: Utilis\u00e9 pour consulter les ventes et les rapports (FRAN\u00c7AIS)\"><span class=\"Y2IQFc\" lang=\"fr\" tabindex=\"-1\">Used to view sales and reports  <\/span><\/p>\t\t\t\t\t\t<\/div>\n\t\t\t\t<\/div>\n\t\t\t\t\t<\/div>\n\t\t<\/div>\n\t\t\t\t\t<\/div>\n\t\t<\/section>\n\t\t\t\t<\/div>\n\t\t","protected":false},"excerpt":{"rendered":"<p>Givex Help Desk Use this form to create a ticket with Givex for problems related to point-of-sale systems (note the ticket number). Givex POS participation form For new outlets and changes of ownership Gift card entry form Use only if you are not using the GIVEX payment terminal. Givex portal Used to view sales and [&hellip;]<\/p>\n","protected":false},"author":9,"featured_media":0,"parent":0,"menu_order":0,"comment_status":"closed","ping_status":"closed","template":"","meta":{"footnotes":""},"class_list":["post-3599","page","type-page","status-publish","hentry"],"_links":{"self":[{"href":"https:\/\/portal.foodtastic.ca\/en\/wp-json\/wp\/v2\/pages\/3599","targetHints":{"allow":["GET"]}}],"collection":[{"href":"https:\/\/portal.foodtastic.ca\/en\/wp-json\/wp\/v2\/pages"}],"about":[{"href":"https:\/\/portal.foodtastic.ca\/en\/wp-json\/wp\/v2\/types\/page"}],"author":[{"embeddable":true,"href":"https:\/\/portal.foodtastic.ca\/en\/wp-json\/wp\/v2\/users\/9"}],"replies":[{"embeddable":true,"href":"https:\/\/portal.foodtastic.ca\/en\/wp-json\/wp\/v2\/comments?post=3599"}],"version-history":[{"count":2,"href":"https:\/\/portal.foodtastic.ca\/en\/wp-json\/wp\/v2\/pages\/3599\/revisions"}],"predecessor-version":[{"id":3604,"href":"https:\/\/portal.foodtastic.ca\/en\/wp-json\/wp\/v2\/pages\/3599\/revisions\/3604"}],"wp:attachment":[{"href":"https:\/\/portal.foodtastic.ca\/en\/wp-json\/wp\/v2\/media?parent=3599"}],"curies":[{"name":"wp","href":"https:\/\/api.w.org\/{rel}","templated":true}]}}