{"id":336,"date":"2024-03-23T23:17:49","date_gmt":"2024-03-23T23:17:49","guid":{"rendered":"http:\/\/portal.foodtastic.ca\/?page_id=336"},"modified":"2025-10-16T15:28:44","modified_gmt":"2025-10-16T15:28:44","slug":"moneris","status":"publish","type":"page","link":"https:\/\/portal.foodtastic.ca\/en\/moneris\/","title":{"rendered":"Moneris"},"content":{"rendered":"\t\t<div data-elementor-type=\"wp-page\" data-elementor-id=\"336\" class=\"elementor elementor-336\">\n\t\t\t\t<div class=\"elementor-element elementor-element-60efd0e e-flex e-con-boxed e-con e-parent\" data-id=\"60efd0e\" data-element_type=\"container\">\n\t\t\t\t\t<div class=\"e-con-inner\">\n\t\t\t\t<div class=\"elementor-element elementor-element-8e2edc1 elementor-widget elementor-widget-heading\" data-id=\"8e2edc1\" data-element_type=\"widget\" data-widget_type=\"heading.default\">\n\t\t\t\t<div class=\"elementor-widget-container\">\n\t\t\t<style>\/*! elementor - v3.21.0 - 26-05-2024 *\/\n.elementor-heading-title{padding:0;margin:0;line-height:1}.elementor-widget-heading .elementor-heading-title[class*=elementor-size-]>a{color:inherit;font-size:inherit;line-height:inherit}.elementor-widget-heading .elementor-heading-title.elementor-size-small{font-size:15px}.elementor-widget-heading .elementor-heading-title.elementor-size-medium{font-size:19px}.elementor-widget-heading .elementor-heading-title.elementor-size-large{font-size:29px}.elementor-widget-heading .elementor-heading-title.elementor-size-xl{font-size:39px}.elementor-widget-heading .elementor-heading-title.elementor-size-xxl{font-size:59px}<\/style><h1 class=\"elementor-heading-title elementor-size-default\">Foodtastic - Moneris<\/h1>\t\t<\/div>\n\t\t\t\t<\/div>\n\t\t\t\t\t<\/div>\n\t\t\t\t<\/div>\n\t\t<div class=\"elementor-element elementor-element-67fc3d3 e-flex e-con-boxed e-con e-parent\" data-id=\"67fc3d3\" data-element_type=\"container\">\n\t\t\t\t\t<div class=\"e-con-inner\">\n\t\t\t\t<div class=\"elementor-element elementor-element-a9aa508 elementor-widget elementor-widget-text-editor\" data-id=\"a9aa508\" data-element_type=\"widget\" data-widget_type=\"text-editor.default\">\n\t\t\t\t<div class=\"elementor-widget-container\">\n\t\t\t<style>\/*! elementor - v3.21.0 - 26-05-2024 *\/\n.elementor-widget-text-editor.elementor-drop-cap-view-stacked .elementor-drop-cap{background-color:#69727d;color:#fff}.elementor-widget-text-editor.elementor-drop-cap-view-framed .elementor-drop-cap{color:#69727d;border:3px solid;background-color:transparent}.elementor-widget-text-editor:not(.elementor-drop-cap-view-default) .elementor-drop-cap{margin-top:8px}.elementor-widget-text-editor:not(.elementor-drop-cap-view-default) .elementor-drop-cap-letter{width:1em;height:1em}.elementor-widget-text-editor .elementor-drop-cap{float:left;text-align:center;line-height:1;font-size:50px}.elementor-widget-text-editor .elementor-drop-cap-letter{display:inline-block}<\/style>\t\t\t\t<p>** Foodtastic requires you to accept all card types &#8211; including Visa, Mastercard, Amex, Debit Visa, Debit Mastercard, Discover, Union Pay &#8211; to avoid any in-store or online payments. Additionally, ensure that 3D Secure is enabled for Visa, Mastercard and Amex to prevent any failed online transactions and reduce the risk of fraud.&#8221;<\/p>\t\t\t\t\t\t<\/div>\n\t\t\t\t<\/div>\n\t\t\t\t\t<\/div>\n\t\t\t\t<\/div>\n\t\t<div class=\"elementor-element elementor-element-9af08f5 e-flex e-con-boxed e-con e-parent\" data-id=\"9af08f5\" data-element_type=\"container\">\n\t\t\t\t\t<div class=\"e-con-inner\">\n\t\t<div class=\"elementor-element elementor-element-743b82c e-con-full e-flex e-con e-child\" data-id=\"743b82c\" data-element_type=\"container\">\n\t\t\t\t<div class=\"elementor-element elementor-element-5e6198f elementor-widget elementor-widget-image\" data-id=\"5e6198f\" data-element_type=\"widget\" data-widget_type=\"image.default\">\n\t\t\t\t<div class=\"elementor-widget-container\">\n\t\t\t<style>\/*! elementor - v3.21.0 - 26-05-2024 *\/\n.elementor-widget-image{text-align:center}.elementor-widget-image a{display:inline-block}.elementor-widget-image a img[src$=\".svg\"]{width:48px}.elementor-widget-image img{vertical-align:middle;display:inline-block}<\/style>\t\t\t\t\t\t\t\t\t\t<img decoding=\"async\" width=\"150\" height=\"150\" src=\"https:\/\/portal.foodtastic.ca\/wp-content\/uploads\/2024\/03\/moneris-400-150x150-1.png\" class=\"attachment-thumbnail size-thumbnail wp-image-175\" alt=\"\" \/>\t\t\t\t\t\t\t\t\t\t\t\t\t<\/div>\n\t\t\t\t<\/div>\n\t\t\t\t<div class=\"elementor-element elementor-element-6d9d0e8 elementor-align-justify elementor-widget__width-inherit elementor-widget elementor-widget-button\" data-id=\"6d9d0e8\" data-element_type=\"widget\" data-widget_type=\"button.default\">\n\t\t\t\t<div class=\"elementor-widget-container\">\n\t\t\t\t\t<div class=\"elementor-button-wrapper\">\n\t\t\t<a class=\"elementor-button elementor-button-link elementor-size-md\" href=\"https:\/\/go.moneris.com\/foodtasticreferral\">\n\t\t\t\t\t\t<span class=\"elementor-button-content-wrapper\">\n\t\t\t\t\t\t\t\t\t<span class=\"elementor-button-text\">New Order<\/span>\n\t\t\t\t\t<\/span>\n\t\t\t\t\t<\/a>\n\t\t<\/div>\n\t\t\t\t<\/div>\n\t\t\t\t<\/div>\n\t\t\t\t<\/div>\n\t\t<div class=\"elementor-element elementor-element-a8b3437 e-con-full e-flex e-con e-child\" data-id=\"a8b3437\" data-element_type=\"container\">\n\t\t\t\t<div class=\"elementor-element elementor-element-ceb847c elementor-widget elementor-widget-image\" data-id=\"ceb847c\" data-element_type=\"widget\" data-widget_type=\"image.default\">\n\t\t\t\t<div class=\"elementor-widget-container\">\n\t\t\t\t\t\t\t\t\t\t\t\t\t<img decoding=\"async\" width=\"150\" height=\"150\" src=\"https:\/\/portal.foodtastic.ca\/wp-content\/uploads\/2024\/03\/moneris-400-150x150-1.png\" class=\"attachment-thumbnail size-thumbnail wp-image-175\" alt=\"\" \/>\t\t\t\t\t\t\t\t\t\t\t\t\t<\/div>\n\t\t\t\t<\/div>\n\t\t\t\t<div class=\"elementor-element elementor-element-0870a2d elementor-align-justify elementor-widget__width-inherit elementor-widget elementor-widget-button\" data-id=\"0870a2d\" data-element_type=\"widget\" data-widget_type=\"button.default\">\n\t\t\t\t<div class=\"elementor-widget-container\">\n\t\t\t\t\t<div class=\"elementor-button-wrapper\">\n\t\t\t<a class=\"elementor-button elementor-button-link elementor-size-md\" href=\"https:\/\/mss.moneris.com\/monerisportal.onmicrosoft.com\/b2c_1a_signup_signin\/oauth2\/v2.0\/authorize?client_id=452f9235-f1ff-4a52-82bf-64357c41ca31&#038;scope=https%3A%2F%2Fmonerisportal.onmicrosoft.com%2Fsso%2Fauth%20openid%20profile%20offline_access&#038;redirect_uri=https%3A%2F%2Flogin.moneris.com%2Fen%2Fhome&#038;client-request-id=b1ca28db-99f3-49e8-ad51-3668ee9ceb67&#038;response_mode=fragment&#038;response_type=code&#038;x-client-SKU=msal.js.browser&#038;x-client-VER=2.36.0&#038;client_info=1&#038;code_challenge=nLvPi7hLf2tp31dLQkqdcnzjWQA8oxTQGYllGxHgHUk&#038;code_challenge_method=S256&#038;nonce=77e8fa8a-8cc4-47ea-b586-6f2fb3b10468&#038;state=eyJpZCI6IjcxMGEwZjk4LTAzY2YtNDc0ZC1hNDdkLTExODU1Mjg2ZjQ2OCIsIm1ldGEiOnsiaW50ZXJhY3Rpb25UeXBlIjoicmVkaXJlY3QifX0%3D\">\n\t\t\t\t\t\t<span class=\"elementor-button-content-wrapper\">\n\t\t\t\t\t\t\t\t\t<span class=\"elementor-button-text\">Portail Merchant Direct Portal<\/span>\n\t\t\t\t\t<\/span>\n\t\t\t\t\t<\/a>\n\t\t<\/div>\n\t\t\t\t<\/div>\n\t\t\t\t<\/div>\n\t\t\t\t<\/div>\n\t\t<div class=\"elementor-element elementor-element-7456dfe e-con-full e-flex e-con e-child\" data-id=\"7456dfe\" data-element_type=\"container\">\n\t\t\t\t<div class=\"elementor-element elementor-element-ed3a919 elementor-widget elementor-widget-image\" data-id=\"ed3a919\" data-element_type=\"widget\" data-widget_type=\"image.default\">\n\t\t\t\t<div class=\"elementor-widget-container\">\n\t\t\t\t\t\t\t\t\t\t\t\t\t<img decoding=\"async\" width=\"150\" height=\"150\" src=\"https:\/\/portal.foodtastic.ca\/wp-content\/uploads\/2024\/03\/moneris-400-150x150-1.png\" class=\"attachment-thumbnail size-thumbnail wp-image-175\" alt=\"\" \/>\t\t\t\t\t\t\t\t\t\t\t\t\t<\/div>\n\t\t\t\t<\/div>\n\t\t\t\t<div class=\"elementor-element elementor-element-c6681fb elementor-align-justify elementor-widget__width-inherit elementor-widget elementor-widget-button\" data-id=\"c6681fb\" data-element_type=\"widget\" data-widget_type=\"button.default\">\n\t\t\t\t<div class=\"elementor-widget-container\">\n\t\t\t\t\t<div class=\"elementor-button-wrapper\">\n\t\t\t<a class=\"elementor-button elementor-button-link elementor-size-md\" href=\"https:\/\/form.jotform.com\/250713881441253\">\n\t\t\t\t\t\t<span class=\"elementor-button-content-wrapper\">\n\t\t\t\t\t\t\t\t\t<span class=\"elementor-button-text\">Send Moneris Inforamtion to IT<\/span>\n\t\t\t\t\t<\/span>\n\t\t\t\t\t<\/a>\n\t\t<\/div>\n\t\t\t\t<\/div>\n\t\t\t\t<\/div>\n\t\t\t\t<\/div>\n\t\t\t\t\t<\/div>\n\t\t\t\t<\/div>\n\t\t<div class=\"elementor-element elementor-element-8929c78 e-grid e-con-boxed e-con e-parent\" data-id=\"8929c78\" data-element_type=\"container\">\n\t\t\t\t\t<div class=\"e-con-inner\">\n\t\t\t\t<div class=\"elementor-element elementor-element-fe89441 elementor-widget elementor-widget-button\" data-id=\"fe89441\" data-element_type=\"widget\" data-widget_type=\"button.default\">\n\t\t\t\t<div class=\"elementor-widget-container\">\n\t\t\t\t\t<div class=\"elementor-button-wrapper\">\n\t\t\t<a class=\"elementor-button elementor-button-link elementor-size-sm\" href=\"https:\/\/forms.zohopublic.com\/veloce\/form\/FORMULAIREMONERISGOMONERISGOFORM\/formperma\/-nUaeK2JGfsQKjg0oidiCCV33C4xCd60dIAcY_gsagw\">\n\t\t\t\t\t\t<span class=\"elementor-button-content-wrapper\">\n\t\t\t\t\t\t\t\t\t<span class=\"elementor-button-text\">Moneris Go Integration   -    Maitre D + Veloce<\/span>\n\t\t\t\t\t<\/span>\n\t\t\t\t\t<\/a>\n\t\t<\/div>\n\t\t\t\t<\/div>\n\t\t\t\t<\/div>\n\t\t\t\t\t<\/div>\n\t\t\t\t<\/div>\n\t\t<div class=\"elementor-element elementor-element-9e11e5c e-flex e-con-boxed e-con e-parent\" data-id=\"9e11e5c\" data-element_type=\"container\">\n\t\t\t\t\t<div class=\"e-con-inner\">\n\t\t<div class=\"elementor-element elementor-element-540315d e-flex e-con-boxed e-con e-child\" data-id=\"540315d\" data-element_type=\"container\">\n\t\t\t\t\t<div class=\"e-con-inner\">\n\t\t\t\t<div class=\"elementor-element elementor-element-72c5e12 elementor-widget elementor-widget-toggle\" data-id=\"72c5e12\" data-element_type=\"widget\" data-widget_type=\"toggle.default\">\n\t\t\t\t<div class=\"elementor-widget-container\">\n\t\t\t<style>\/*! elementor - v3.21.0 - 26-05-2024 *\/\n.elementor-toggle{text-align:start}.elementor-toggle .elementor-tab-title{font-weight:700;line-height:1;margin:0;padding:15px;border-bottom:1px solid #d5d8dc;cursor:pointer;outline:none}.elementor-toggle .elementor-tab-title .elementor-toggle-icon{display:inline-block;width:1em}.elementor-toggle .elementor-tab-title .elementor-toggle-icon svg{margin-inline-start:-5px;width:1em;height:1em}.elementor-toggle .elementor-tab-title .elementor-toggle-icon.elementor-toggle-icon-right{float:right;text-align:right}.elementor-toggle .elementor-tab-title .elementor-toggle-icon.elementor-toggle-icon-left{float:left;text-align:left}.elementor-toggle .elementor-tab-title .elementor-toggle-icon .elementor-toggle-icon-closed{display:block}.elementor-toggle .elementor-tab-title .elementor-toggle-icon .elementor-toggle-icon-opened{display:none}.elementor-toggle .elementor-tab-title.elementor-active{border-bottom:none}.elementor-toggle .elementor-tab-title.elementor-active .elementor-toggle-icon-closed{display:none}.elementor-toggle .elementor-tab-title.elementor-active .elementor-toggle-icon-opened{display:block}.elementor-toggle .elementor-tab-content{padding:15px;border-bottom:1px solid #d5d8dc;display:none}@media (max-width:767px){.elementor-toggle .elementor-tab-title{padding:12px}.elementor-toggle .elementor-tab-content{padding:12px 10px}}.e-con-inner>.elementor-widget-toggle,.e-con>.elementor-widget-toggle{width:var(--container-widget-width);--flex-grow:var(--container-widget-flex-grow)}<\/style>\t\t<div class=\"elementor-toggle\">\n\t\t\t\t\t\t\t<div class=\"elementor-toggle-item\">\n\t\t\t\t\t<div id=\"elementor-tab-title-1201\" class=\"elementor-tab-title\" data-tab=\"1\" role=\"button\" aria-controls=\"elementor-tab-content-1201\" aria-expanded=\"false\">\n\t\t\t\t\t\t\t\t\t\t\t\t<span class=\"elementor-toggle-icon elementor-toggle-icon-left\" aria-hidden=\"true\">\n\t\t\t\t\t\t\t\t\t\t\t\t\t\t\t<span class=\"elementor-toggle-icon-closed\"><svg class=\"e-font-icon-svg e-fas-caret-right\" viewBox=\"0 0 192 512\" xmlns=\"http:\/\/www.w3.org\/2000\/svg\"><path d=\"M0 384.662V127.338c0-17.818 21.543-26.741 34.142-14.142l128.662 128.662c7.81 7.81 7.81 20.474 0 28.284L34.142 398.804C21.543 411.404 0 402.48 0 384.662z\"><\/path><\/svg><\/span>\n\t\t\t\t\t\t\t\t<span class=\"elementor-toggle-icon-opened\"><svg class=\"elementor-toggle-icon-opened e-font-icon-svg e-fas-caret-up\" viewBox=\"0 0 320 512\" xmlns=\"http:\/\/www.w3.org\/2000\/svg\"><path d=\"M288.662 352H31.338c-17.818 0-26.741-21.543-14.142-34.142l128.662-128.662c7.81-7.81 20.474-7.81 28.284 0l128.662 128.662c12.6 12.599 3.676 34.142-14.142 34.142z\"><\/path><\/svg><\/span>\n\t\t\t\t\t\t\t\t\t\t\t\t\t<\/span>\n\t\t\t\t\t\t\t\t\t\t\t\t<a class=\"elementor-toggle-title\" tabindex=\"0\">How to set up a Moneris Gateway Account - Comment commander un Compte Gateway Moneris<\/a>\n\t\t\t\t\t<\/div>\n\n\t\t\t\t\t<div id=\"elementor-tab-content-1201\" class=\"elementor-tab-content elementor-clearfix\" data-tab=\"1\" role=\"region\" aria-labelledby=\"elementor-tab-title-1201\"><p>Moneris Gateway Accounts are required for digital payment processing, such as on our various applications. If you require a Moneris Gateway Account, please follow the steps below:<\/p><ul><li>Use one of the forms above to place a request to create an account. A Moneris representative will call you to discuss your needs. Advise them that you need a Moneris Gateway account. This account will have a merchant number beginning with GWCA as well as an alphanum\u00e9ric API Key.<\/li><li>Save the link above for the Merchant Direct Portal.<\/li><li>Once the account is created, please follow the onboarding procedures and advise your ROM for next steps.<\/li><\/ul><p><strong>FAQ<\/strong><\/p><ul><li>If you are going through an ownership transfer, you must open a new account and provide the new information.<\/li><li>Pinpad processing account information look very similar to Gateway Account. If you provide the wrong type of account for online ordering, you will not recieve funds.<\/li><\/ul><p>You can find your information in your Merchant Direct portal as below, in Store Settings<\/p><p>&#8212;&#8212;&#8212;&#8212;&#8212;&#8212;&#8212;&#8212;&#8212;&#8212;&#8212;&#8212;&#8212;&#8212;&#8212;&#8212;&#8212;&#8212;&#8212;&#8212;&#8212;&#8212;&#8212;&#8212;&#8212;&#8212;&#8212;&#8212;&#8212;&#8212;&#8212;&#8212;&#8212;&#8212;&#8212;&#8212;&#8212;&#8212;&#8212;&#8212;&#8212;&#8212;&#8212;&#8212;&#8212;&#8212;&#8212;&#8212;&#8212;&#8212;&#8212;&#8212;&#8212;&#8212;&#8212;-<\/p><p>Les comptes de passerelle Moneris sont requis pour le traitement des paiements num\u00e9riques, tels que sur nos diff\u00e9rentes applications. Si vous avez besoin d&#8217;un compte de passerelle Moneris, veuillez suivre les \u00e9tapes ci-dessous :<\/p><ul><li>Utilisez l&#8217;un des formulaires ci-dessus pour faire une demande de cr\u00e9ation de compte. Un repr\u00e9sentant de Moneris vous appellera pour discuter de vos besoins. Informez-les que vous avez besoin d&#8217;un compte de passerelle Moneris. Ce compte aura un num\u00e9ro de commer\u00e7ant commen\u00e7ant par GWCA ainsi qu&#8217;une cl\u00e9 API alphanum\u00e9rique.<\/li><li>Sauvegardez le lien ci-dessus pour le portail Merchant Direct.<\/li><li>Une fois le compte cr\u00e9\u00e9, veuillez suivre les proc\u00e9dures de mise en service et informez votre ROM pour les prochaines \u00e9tapes.<\/li><\/ul><p><strong>FAQ<\/strong><\/p><ul><li>Si vous effectuez un transfert de propri\u00e9t\u00e9, vous devez ouvrir un nouveau compte et fournir les nouvelles informations.<\/li><li>Les informations de compte de traitement Pinpad ressemblent beaucoup \u00e0 celles du compte de passerelle. Si vous fournissez le mauvais type de compte pour les commandes en ligne, vous ne recevrez pas les fonds.<\/li><\/ul><p>Vous pouvez trouver vos informations dans votre portail Merchant Direct comme indiqu\u00e9 ci-dessous, dans les param\u00e8tres du magasin.<\/p><p><img fetchpriority=\"high\" decoding=\"async\" class=\"alignnone size-medium wp-image-338\" src=\"http:\/\/portal.foodtastic.ca\/wp-content\/uploads\/2024\/03\/direct1-288x300.png\" alt=\"\" width=\"288\" height=\"300\" srcset=\"https:\/\/portal.foodtastic.ca\/wp-content\/uploads\/2024\/03\/direct1-288x300.png 288w, https:\/\/portal.foodtastic.ca\/wp-content\/uploads\/2024\/03\/direct1.png 420w\" sizes=\"(max-width: 288px) 100vw, 288px\" \/> <img decoding=\"async\" class=\"alignnone size-medium wp-image-339\" src=\"http:\/\/portal.foodtastic.ca\/wp-content\/uploads\/2024\/03\/direct2-300x67.png\" alt=\"\" width=\"300\" height=\"67\" srcset=\"https:\/\/portal.foodtastic.ca\/wp-content\/uploads\/2024\/03\/direct2-300x67.png 300w, https:\/\/portal.foodtastic.ca\/wp-content\/uploads\/2024\/03\/direct2-768x171.png 768w, https:\/\/portal.foodtastic.ca\/wp-content\/uploads\/2024\/03\/direct2.png 777w\" sizes=\"(max-width: 300px) 100vw, 300px\" \/><\/p><\/div>\n\t\t\t\t<\/div>\n\t\t\t\t\t\t\t<div class=\"elementor-toggle-item\">\n\t\t\t\t\t<div id=\"elementor-tab-title-1202\" class=\"elementor-tab-title\" data-tab=\"2\" role=\"button\" aria-controls=\"elementor-tab-content-1202\" aria-expanded=\"false\">\n\t\t\t\t\t\t\t\t\t\t\t\t<span class=\"elementor-toggle-icon elementor-toggle-icon-left\" aria-hidden=\"true\">\n\t\t\t\t\t\t\t\t\t\t\t\t\t\t\t<span class=\"elementor-toggle-icon-closed\"><svg class=\"e-font-icon-svg e-fas-caret-right\" viewBox=\"0 0 192 512\" xmlns=\"http:\/\/www.w3.org\/2000\/svg\"><path d=\"M0 384.662V127.338c0-17.818 21.543-26.741 34.142-14.142l128.662 128.662c7.81 7.81 7.81 20.474 0 28.284L34.142 398.804C21.543 411.404 0 402.48 0 384.662z\"><\/path><\/svg><\/span>\n\t\t\t\t\t\t\t\t<span class=\"elementor-toggle-icon-opened\"><svg class=\"elementor-toggle-icon-opened e-font-icon-svg e-fas-caret-up\" viewBox=\"0 0 320 512\" xmlns=\"http:\/\/www.w3.org\/2000\/svg\"><path d=\"M288.662 352H31.338c-17.818 0-26.741-21.543-14.142-34.142l128.662-128.662c7.81-7.81 20.474-7.81 28.284 0l128.662 128.662c12.6 12.599 3.676 34.142-14.142 34.142z\"><\/path><\/svg><\/span>\n\t\t\t\t\t\t\t\t\t\t\t\t\t<\/span>\n\t\t\t\t\t\t\t\t\t\t\t\t<a class=\"elementor-toggle-title\" tabindex=\"0\">Tarification Foodtastic - Foodtastic Rates<\/a>\n\t\t\t\t\t<\/div>\n\n\t\t\t\t\t<div id=\"elementor-tab-content-1202\" class=\"elementor-tab-content elementor-clearfix\" data-tab=\"2\" role=\"region\" aria-labelledby=\"elementor-tab-title-1202\"><p><a href=\"https:\/\/go.moneris.com\/foodtasticreferral\">https:\/\/go.moneris.com\/foodtasticreferral<\/a><\/p><\/div>\n\t\t\t\t<\/div>\n\t\t\t\t\t\t\t<div class=\"elementor-toggle-item\">\n\t\t\t\t\t<div id=\"elementor-tab-title-1203\" class=\"elementor-tab-title\" data-tab=\"3\" role=\"button\" aria-controls=\"elementor-tab-content-1203\" aria-expanded=\"false\">\n\t\t\t\t\t\t\t\t\t\t\t\t<span class=\"elementor-toggle-icon elementor-toggle-icon-left\" aria-hidden=\"true\">\n\t\t\t\t\t\t\t\t\t\t\t\t\t\t\t<span class=\"elementor-toggle-icon-closed\"><svg class=\"e-font-icon-svg e-fas-caret-right\" viewBox=\"0 0 192 512\" xmlns=\"http:\/\/www.w3.org\/2000\/svg\"><path d=\"M0 384.662V127.338c0-17.818 21.543-26.741 34.142-14.142l128.662 128.662c7.81 7.81 7.81 20.474 0 28.284L34.142 398.804C21.543 411.404 0 402.48 0 384.662z\"><\/path><\/svg><\/span>\n\t\t\t\t\t\t\t\t<span class=\"elementor-toggle-icon-opened\"><svg class=\"elementor-toggle-icon-opened e-font-icon-svg e-fas-caret-up\" viewBox=\"0 0 320 512\" xmlns=\"http:\/\/www.w3.org\/2000\/svg\"><path d=\"M288.662 352H31.338c-17.818 0-26.741-21.543-14.142-34.142l128.662-128.662c7.81-7.81 20.474-7.81 28.284 0l128.662 128.662c12.6 12.599 3.676 34.142-14.142 34.142z\"><\/path><\/svg><\/span>\n\t\t\t\t\t\t\t\t\t\t\t\t\t<\/span>\n\t\t\t\t\t\t\t\t\t\t\t\t<a class=\"elementor-toggle-title\" tabindex=\"0\">Besoin d'aide? - Require Assistance?<\/a>\n\t\t\t\t\t<\/div>\n\n\t\t\t\t\t<div id=\"elementor-tab-content-1203\" class=\"elementor-tab-content elementor-clearfix\" data-tab=\"3\" role=\"region\" aria-labelledby=\"elementor-tab-title-1203\"><p>Votre compte Moneris contient des informations confidentielles auxquelles seul le propri\u00e9taire a acc\u00e8s. <a href=\"https:\/\/www.moneris.com\/fr-ca\/soutien\">Veuillez toujours contacter le support Moneris directement ici<\/a>. Si vous avez encore besoin d&#8217;aide, veuillez en informer votre ROM et nous escaladerons vers nos repr\u00e9sentants de compte en interne.<\/p><hr \/><p>Your Moneris account contains confidential information that no one else but the owner has access to. Please, always contact<a href=\"https:\/\/www.moneris.com\/en\/support\"> Moneris support directly here<\/a>. If you still need assistance, please advise your ROM and we will escalate to our account representatives internally.<\/p><\/div>\n\t\t\t\t<\/div>\n\t\t\t\t\t\t\t<div class=\"elementor-toggle-item\">\n\t\t\t\t\t<div id=\"elementor-tab-title-1204\" class=\"elementor-tab-title\" data-tab=\"4\" role=\"button\" aria-controls=\"elementor-tab-content-1204\" aria-expanded=\"false\">\n\t\t\t\t\t\t\t\t\t\t\t\t<span class=\"elementor-toggle-icon elementor-toggle-icon-left\" aria-hidden=\"true\">\n\t\t\t\t\t\t\t\t\t\t\t\t\t\t\t<span class=\"elementor-toggle-icon-closed\"><svg class=\"e-font-icon-svg e-fas-caret-right\" viewBox=\"0 0 192 512\" xmlns=\"http:\/\/www.w3.org\/2000\/svg\"><path d=\"M0 384.662V127.338c0-17.818 21.543-26.741 34.142-14.142l128.662 128.662c7.81 7.81 7.81 20.474 0 28.284L34.142 398.804C21.543 411.404 0 402.48 0 384.662z\"><\/path><\/svg><\/span>\n\t\t\t\t\t\t\t\t<span class=\"elementor-toggle-icon-opened\"><svg class=\"elementor-toggle-icon-opened e-font-icon-svg e-fas-caret-up\" viewBox=\"0 0 320 512\" xmlns=\"http:\/\/www.w3.org\/2000\/svg\"><path d=\"M288.662 352H31.338c-17.818 0-26.741-21.543-14.142-34.142l128.662-128.662c7.81-7.81 20.474-7.81 28.284 0l128.662 128.662c12.6 12.599 3.676 34.142-14.142 34.142z\"><\/path><\/svg><\/span>\n\t\t\t\t\t\t\t\t\t\t\t\t\t<\/span>\n\t\t\t\t\t\t\t\t\t\t\t\t<a class=\"elementor-toggle-title\" tabindex=\"0\">Status de Service - Service Status<\/a>\n\t\t\t\t\t<\/div>\n\n\t\t\t\t\t<div id=\"elementor-tab-content-1204\" class=\"elementor-tab-content elementor-clearfix\" data-tab=\"4\" role=\"region\" aria-labelledby=\"elementor-tab-title-1204\"><p><a href=\"https:\/\/www.moneris.com\/en\/servicestatus\">Status de Service &#8211; Service Status<\/a><\/p><\/div>\n\t\t\t\t<\/div>\n\t\t\t\t\t\t\t\t<\/div>\n\t\t\t\t<\/div>\n\t\t\t\t<\/div>\n\t\t\t\t\t<\/div>\n\t\t\t\t<\/div>\n\t\t\t\t\t<\/div>\n\t\t\t\t<\/div>\n\t\t\t\t<\/div>\n\t\t","protected":false},"excerpt":{"rendered":"<p>Foodtastic &#8211; Moneris ** Foodtastic requires you to accept all card types &#8211; including Visa, Mastercard, Amex, Debit Visa, Debit Mastercard, Discover, Union Pay &#8211; to avoid any in-store or online payments. Additionally, ensure that 3D Secure is enabled for Visa, Mastercard and Amex to prevent any failed online transactions and reduce the risk of [&hellip;]<\/p>\n","protected":false},"author":3,"featured_media":0,"parent":0,"menu_order":0,"comment_status":"closed","ping_status":"closed","template":"","meta":{"footnotes":""},"class_list":["post-336","page","type-page","status-publish","hentry"],"_links":{"self":[{"href":"https:\/\/portal.foodtastic.ca\/en\/wp-json\/wp\/v2\/pages\/336","targetHints":{"allow":["GET"]}}],"collection":[{"href":"https:\/\/portal.foodtastic.ca\/en\/wp-json\/wp\/v2\/pages"}],"about":[{"href":"https:\/\/portal.foodtastic.ca\/en\/wp-json\/wp\/v2\/types\/page"}],"author":[{"embeddable":true,"href":"https:\/\/portal.foodtastic.ca\/en\/wp-json\/wp\/v2\/users\/3"}],"replies":[{"embeddable":true,"href":"https:\/\/portal.foodtastic.ca\/en\/wp-json\/wp\/v2\/comments?post=336"}],"version-history":[{"count":52,"href":"https:\/\/portal.foodtastic.ca\/en\/wp-json\/wp\/v2\/pages\/336\/revisions"}],"predecessor-version":[{"id":3411,"href":"https:\/\/portal.foodtastic.ca\/en\/wp-json\/wp\/v2\/pages\/336\/revisions\/3411"}],"wp:attachment":[{"href":"https:\/\/portal.foodtastic.ca\/en\/wp-json\/wp\/v2\/media?parent=336"}],"curies":[{"name":"wp","href":"https:\/\/api.w.org\/{rel}","templated":true}]}}